{"id":424,"date":"2026-04-13T11:30:49","date_gmt":"2026-04-13T11:30:49","guid":{"rendered":"https:\/\/magicdog.itfreelancer.pl\/?post_type=product&#038;p=424"},"modified":"2026-04-13T11:46:46","modified_gmt":"2026-04-13T11:46:46","slug":"motywacja-i-zabawa-iii-edycja-warsztatow-z-maciejem-choroszucho","status":"publish","type":"product","link":"https:\/\/magicdog.itfreelancer.pl\/index.php\/produkt\/motywacja-i-zabawa-iii-edycja-warsztatow-z-maciejem-choroszucho\/","title":{"rendered":"Motywacja i zabawa &#8211; III Edycja warsztat\u00f3w z Maciejem Choroszucho"},"content":{"rendered":"<p><strong>To ju\u017c trzecia edycja wyj\u0105tkowych warsztat\u00f3w z Maciejem Choroszucho! \ud83d\udd25<\/strong><\/p>\n<p><strong>\ud83d\uddd3\ufe0f Pi\u0105tek 15.05.2026 r.<\/strong><br \/>\n<strong>\u23f0 Godzina 17:00-20:00 (3h)<\/strong><br \/>\n<strong>\ud83d\udccd Garwolin<\/strong><\/p>\n<p>\ud83d\udd25 Celem warsztat\u00f3w jest:<br \/>\n&#8211; zwi\u0119kszenie motywacji u psa<br \/>\n&#8211; prawid\u0142owa i warto\u015bciowa zabawa z psem<br \/>\n&#8211; podniesienie pewno\u015bci siebie psa<br \/>\n&#8211; zrozumienie i kontrola pop\u0119d\u00f3w<br \/>\n&#8211; poprawa wsp\u00f3\u0142pracy opiekuna z psem<br \/>\n&#8211; lepsze zrozumienie swojego psa<\/p>\n<p>\ud83d\udd25 Dla kogo:<br \/>\n&#8211; dla ps\u00f3w w ka\u017cdym wieku i ka\u017cdej rasy \/ typu rasy<br \/>\n&#8211; dla pocz\u0105tkuj\u0105cych i zaawansowanych przewodnik\u00f3w ps\u00f3w<br \/>\n&#8211; dla wszystkich \ud83d\ude42<\/p>\n<p>By\u0142*\u015b ju\u017c na poprzednich edycjach? Nie b\u0119dziesz si\u0119 nudzi\u0107 &#8211; Maciej zawsze ma asy w r\u0119kawie \ud83d\ude09<\/p>\n<p>\ud83d\udd25 Prowadz\u0105cy:<br \/>\n<strong>Maciej Choroszucho &#8211; Magic Dog Academy<\/strong><br \/>\nSpecjalizuje si\u0119 w szkoleniu ps\u00f3w obronnych z u\u017cyciem metod pozytywnego szkolenia, ca\u0142kowicie pozbawionego narz\u0119dzi awersyjnych.<br \/>\nTrening ps\u00f3w obronnych opiera na zabawie i budowaniu silnej motywacji u psa. Maciej jest opiekunem owczarka belgijskiego malinois (Wilczka) i parson russell terriera (Protona), kt\u00f3re trenuje pod k\u0105tem uczestnictwa w zawodach pos\u0142usze\u0144stwa na szczeblu narodowym w Wielkiej Brytanii UK Obedience, gdzie wielokrotnie zajmowa\u0142 pierwsze miejsca w eliminacjach. Jego wieloaspektowa praktyka obejmuje r\u00f3wnie\u017c trening dla rodzin i dzieci, co podkre\u015bla jego holistyczne podej\u015bcie do prowadzonych szkole\u0144.<br \/>\nMaciej na co dzie\u0144 mieszka w Wielkiej Brytanii, dlatego\u00a0okazja jest niepowtarzalna!<\/p>\n<p>\ud83d\udcb8 Koszt:<br \/>\n350 z\u0142 &#8211; uczestnik z psem<br \/>\n150 z\u0142 &#8211; obserwator<\/p>\n<p><strong>motywacja \u00b7 zabawa z psem \u00b7 obrona sportowa \u00b7 pies obronny \u00b7 warsztaty dla ps\u00f3w \u00b7 praca z psem<\/strong><\/p>\n","protected":false},"excerpt":{"rendered":"<p><strong>o ju\u017c trzecia edycja wyj\u0105tkowych warsztat\u00f3w z Maciejem Choroszucho!\u00a0<\/strong><\/p>\n<p><strong>\ud83d\uddd3\ufe0f Pi\u0105tek 15.05.2026 r.<\/strong><br \/>\n<strong>\u23f0 Godzina 17:00-20:00 (3h)<\/strong><br \/>\n<strong>\ud83d\udccd Garwolin<\/strong><\/p>\n","protected":false},"featured_media":414,"template":"","meta":[],"product_brand":[],"product_cat":[19],"product_tag":[],"class_list":{"0":"post-424","1":"product","2":"type-product","3":"status-publish","4":"has-post-thumbnail","6":"product_cat-bez-kategorii","8":"first","9":"instock","10":"shipping-taxable","11":"purchasable","12":"product-type-variable","13":"has-default-attributes"},"_links":{"self":[{"href":"https:\/\/magicdog.itfreelancer.pl\/index.php\/wp-json\/wp\/v2\/product\/424","targetHints":{"allow":["GET"]}}],"collection":[{"href":"https:\/\/magicdog.itfreelancer.pl\/index.php\/wp-json\/wp\/v2\/product"}],"about":[{"href":"https:\/\/magicdog.itfreelancer.pl\/index.php\/wp-json\/wp\/v2\/types\/product"}],"wp:featuredmedia":[{"embeddable":true,"href":"https:\/\/magicdog.itfreelancer.pl\/index.php\/wp-json\/wp\/v2\/media\/414"}],"wp:attachment":[{"href":"https:\/\/magicdog.itfreelancer.pl\/index.php\/wp-json\/wp\/v2\/media?parent=424"}],"wp:term":[{"taxonomy":"product_brand","embeddable":true,"href":"https:\/\/magicdog.itfreelancer.pl\/index.php\/wp-json\/wp\/v2\/product_brand?post=424"},{"taxonomy":"product_cat","embeddable":true,"href":"https:\/\/magicdog.itfreelancer.pl\/index.php\/wp-json\/wp\/v2\/product_cat?post=424"},{"taxonomy":"product_tag","embeddable":true,"href":"https:\/\/magicdog.itfreelancer.pl\/index.php\/wp-json\/wp\/v2\/product_tag?post=424"}],"curies":[{"name":"wp","href":"https:\/\/api.w.org\/{rel}","templated":true}]}}